{"id":1899,"date":"2024-05-29T21:46:21","date_gmt":"2024-05-29T19:46:21","guid":{"rendered":"https:\/\/www.foerderverein-emg.de\/?page_id=1899"},"modified":"2025-03-29T15:55:40","modified_gmt":"2025-03-29T14:55:40","slug":"verwendung-der-gelder-und-spenden-2024","status":"publish","type":"page","link":"https:\/\/www.foerderverein-emg.de\/?page_id=1899","title":{"rendered":"Verwendung der Gelder und Spenden 2024"},"content":{"rendered":"\n<figure class=\"wp-block-table\"><table><tbody><tr><td class=\"has-text-align-center\" data-align=\"center\"><strong>Nr.<\/strong><\/td><td><strong>Titel<\/strong><\/td><td><strong>Fachschaft<\/strong><\/td><\/tr><tr><td class=\"has-text-align-center\" data-align=\"center\">42<\/td><td>Mensaverein f\u00fcr Romaustausch<\/td><td>Klasse 9\/10<\/td><\/tr><tr><td class=\"has-text-align-center\" data-align=\"center\">41<\/td><td>Preise f\u00fcr IQB-Studie<\/td><td>Klasse 10a<\/td><\/tr><tr><td class=\"has-text-align-center\" data-align=\"center\">40<\/td><td>Mensaverein f\u00fcr Bewirtung<\/td><td>alle<\/td><\/tr><tr><td class=\"has-text-align-center\" data-align=\"center\">39<\/td><td>Unterst\u00fctzung Abschluss NewMedia<\/td><td>AG<\/td><\/tr><tr><td class=\"has-text-align-center\" data-align=\"center\">38<\/td><td>Unterst\u00fctzung beim Tag der offenen T\u00fcr<\/td><td>neue 5-er<\/td><\/tr><tr><td class=\"has-text-align-center\" data-align=\"center\">37<\/td><td>Preise f\u00fcr den Vorlesewettbewerb<\/td><td>Klasse 6<\/td><\/tr><tr><td class=\"has-text-align-center\" data-align=\"center\">36<\/td><td>Team Heroes Spielcircus<\/td><td>Klasse 7c<\/td><\/tr><tr><td class=\"has-text-align-center\" data-align=\"center\">35<\/td><td>Ausstattung des Ganztages nach Umzug<\/td><td>alle<\/td><\/tr><tr><td class=\"has-text-align-center\" data-align=\"center\">34<\/td><td>Ausstattung der Geb\u00e4ude D, E und F mit Funkuhren<\/td><td>alle<\/td><\/tr><tr><td class=\"has-text-align-center\" data-align=\"center\">33<\/td><td>Erneuerung der Kletterwand<\/td><td>alle<\/td><\/tr><tr><td class=\"has-text-align-center\" data-align=\"center\">32<\/td><td>Einrichtung des Schulseelsorgeraums<\/td><td>Seelsorge<\/td><\/tr><tr><td class=\"has-text-align-center\" data-align=\"center\">31<\/td><td>Erweiterung Merchandising-Artikel<\/td><td>alle<\/td><\/tr><tr><td class=\"has-text-align-center\" data-align=\"center\">30<\/td><td>Unterst\u00fctzung Sommerfest<\/td><td>alle<\/td><\/tr><tr><td class=\"has-text-align-center\" data-align=\"center\">29<\/td><td>Catering Kennenlernnachmittag<\/td><td>neue 5-er<\/td><\/tr><tr><td class=\"has-text-align-center\" data-align=\"center\">28<\/td><td>Erstattung Auslagen Labs for Chips<\/td><td>alle<\/td><\/tr><tr><td class=\"has-text-align-center\" data-align=\"center\">27<\/td><td>Preise f\u00fcr K\u00e4nguru-WB<\/td><td>alle<\/td><\/tr><tr><td class=\"has-text-align-center\" data-align=\"center\">26<\/td><td>Ausbildung zum Klimabotschafter<\/td><td>SuS der 7\/8<\/td><\/tr><tr><td class=\"has-text-align-center\" data-align=\"center\">25<\/td><td>Arbeitsplatten f\u00fcr den Physikraum<\/td><td>Physik<\/td><\/tr><tr><td class=\"has-text-align-center\" data-align=\"center\">24<\/td><td>Sanierung der Kletterwand<\/td><td>alle<\/td><\/tr><tr><td class=\"has-text-align-center\" data-align=\"center\">23<\/td><td>Bereitstellung schuleigener Anh\u00e4nger<\/td><td>alle<\/td><\/tr><tr><td class=\"has-text-align-center\" data-align=\"center\">22<\/td><td>Unterst\u00fctzung Exkursion DLR School<\/td><td>Klasse 8e<\/td><\/tr><tr><td class=\"has-text-align-center\" data-align=\"center\">21<\/td><td>Webeetiketten f\u00fcr Abiturienten<\/td><td>Stufe Q2<\/td><\/tr><tr><td class=\"has-text-align-center\" data-align=\"center\">20<\/td><td>Sofa f\u00fcr Sch\u00fclervertretungsraum<\/td><td>SV<\/td><\/tr><tr><td class=\"has-text-align-center\" data-align=\"center\">19<\/td><td>Bereitstellung neuer Grills<\/td><td>alle<\/td><\/tr><tr><td class=\"has-text-align-center\" data-align=\"center\">18<\/td><td>M\u00f6blierung Lehrerruheraum<\/td><td>Lehrkr\u00e4fte<\/td><\/tr><tr><td class=\"has-text-align-center\" data-align=\"center\">17<\/td><td>Wartung Defibrilator<\/td><td>Sanit\u00e4ter<\/td><\/tr><tr><td class=\"has-text-align-center\" data-align=\"center\">16<\/td><td>Lizenverl\u00e4ngerung iPADs<\/td><td>Mittelstufe<\/td><\/tr><tr><td class=\"has-text-align-center\" data-align=\"center\">15<\/td><td>Unterst\u00fctzung Exkursion Amsterdam<\/td><td>Klasse 9<\/td><\/tr><tr><td class=\"has-text-align-center\" data-align=\"center\">14<\/td><td>Workshop Medien Hanno Lenz<\/td><td>Klasse 5<\/td><\/tr><tr><td class=\"has-text-align-center\" data-align=\"center\">13<\/td><td>Anstrich f\u00fcr die Cluster im Bauteil C<\/td><td>Unterstufe<\/td><\/tr><tr><td class=\"has-text-align-center\" data-align=\"center\">12<\/td><td>Regale f\u00fcr Schulseelsorgeraum<\/td><td>alle<\/td><\/tr><tr><td class=\"has-text-align-center\" data-align=\"center\">11<\/td><td>Liegen mit Auflagen f\u00fcr den R\u00fcckzugsraum<\/td><td>alle<\/td><\/tr><tr><td class=\"has-text-align-center\" data-align=\"center\">10<\/td><td>Bewirtung Berufespeeddating<\/td><td>Stufe Q1<\/td><\/tr><tr><td class=\"has-text-align-center\" data-align=\"center\">9<\/td><td>Erstausstattung f\u00fcr die Garten-AG<\/td><td>Garten-AG<\/td><\/tr><tr><td class=\"has-text-align-center\" data-align=\"center\">8<\/td><td>Preise f\u00fcr M\u00e4dchen-F\u00f6rderung im MINT-Bereich<\/td><td>Mittelstufe<\/td><\/tr><tr><td class=\"has-text-align-center\" data-align=\"center\">7<\/td><td>Jamf school Lizenzen f\u00fcr das iPAD-Projekt<\/td><td>Klasse 8<\/td><\/tr><tr><td class=\"has-text-align-center\" data-align=\"center\">6<\/td><td>Kauf einer Popcornmaschine f\u00fcr Feiern<\/td><td>alle<\/td><\/tr><tr><td class=\"has-text-align-center\" data-align=\"center\">5<\/td><td>Beschaffung einer Slusheismaschine f\u00fcr Feiern<\/td><td>alle<\/td><\/tr><tr><td class=\"has-text-align-center\" data-align=\"center\">4<\/td><td>Mensaverein Catering<\/td><td>alle<\/td><\/tr><tr><td class=\"has-text-align-center\" data-align=\"center\">3<\/td><td>Bewirtung Ersthelfertag<\/td><td>Q1<\/td><\/tr><tr><td class=\"has-text-align-center\" data-align=\"center\">2<\/td><td>Stimmen von 2 Klavieren<\/td><td>Musik<\/td><\/tr><tr><td class=\"has-text-align-center\" data-align=\"center\">1<\/td><td>Neue Fu\u00dfballtore aus Sponsorenlaufgeldern<\/td><td>Sport<\/td><\/tr><\/tbody><\/table><\/figure>\n","protected":false},"excerpt":{"rendered":"<p>Nr. Titel Fachschaft 42 Mensaverein f\u00fcr Romaustausch Klasse 9\/10 41 Preise f\u00fcr IQB-Studie Klasse 10a 40 Mensaverein f\u00fcr Bewirtung alle 39 Unterst\u00fctzung Abschluss NewMedia AG 38 Unterst\u00fctzung beim Tag der offenen T\u00fcr neue 5-er 37 Preise f\u00fcr den Vorlesewettbewerb Klasse 6 36 Team Heroes Spielcircus Klasse 7c 35 Ausstattung des Ganztages nach Umzug alle 34 &hellip; <\/p>\n<p class=\"link-more\"><a href=\"https:\/\/www.foerderverein-emg.de\/?page_id=1899\" class=\"more-link\"><span class=\"screen-reader-text\">\u201eVerwendung der Gelder und Spenden 2024\u201c <\/span>weiterlesen<\/a><\/p>\n","protected":false},"author":3,"featured_media":0,"parent":296,"menu_order":0,"comment_status":"closed","ping_status":"closed","template":"","meta":{"footnotes":""},"class_list":["post-1899","page","type-page","status-publish","hentry"],"_links":{"self":[{"href":"https:\/\/www.foerderverein-emg.de\/index.php?rest_route=\/wp\/v2\/pages\/1899","targetHints":{"allow":["GET"]}}],"collection":[{"href":"https:\/\/www.foerderverein-emg.de\/index.php?rest_route=\/wp\/v2\/pages"}],"about":[{"href":"https:\/\/www.foerderverein-emg.de\/index.php?rest_route=\/wp\/v2\/types\/page"}],"author":[{"embeddable":true,"href":"https:\/\/www.foerderverein-emg.de\/index.php?rest_route=\/wp\/v2\/users\/3"}],"replies":[{"embeddable":true,"href":"https:\/\/www.foerderverein-emg.de\/index.php?rest_route=%2Fwp%2Fv2%2Fcomments&post=1899"}],"version-history":[{"count":5,"href":"https:\/\/www.foerderverein-emg.de\/index.php?rest_route=\/wp\/v2\/pages\/1899\/revisions"}],"predecessor-version":[{"id":2256,"href":"https:\/\/www.foerderverein-emg.de\/index.php?rest_route=\/wp\/v2\/pages\/1899\/revisions\/2256"}],"up":[{"embeddable":true,"href":"https:\/\/www.foerderverein-emg.de\/index.php?rest_route=\/wp\/v2\/pages\/296"}],"wp:attachment":[{"href":"https:\/\/www.foerderverein-emg.de\/index.php?rest_route=%2Fwp%2Fv2%2Fmedia&parent=1899"}],"curies":[{"name":"wp","href":"https:\/\/api.w.org\/{rel}","templated":true}]}}