{"id":193,"date":"2020-10-11T20:32:49","date_gmt":"2020-10-11T18:32:49","guid":{"rendered":"https:\/\/www.foerderverein-emg.de\/?page_id=193"},"modified":"2021-01-09T23:05:56","modified_gmt":"2021-01-09T22:05:56","slug":"zielsetzung","status":"publish","type":"page","link":"https:\/\/www.foerderverein-emg.de\/?page_id=193","title":{"rendered":"Zielsetzung"},"content":{"rendered":"\n<p>Es ist das Ziel des F\u00f6rdervereins, m\u00f6glichst alle Fachschaften und Aktivit\u00e4ten zu unterst\u00fctzen und zu f\u00f6rdern<\/p>\n\n\n\n<div class=\"wp-block-media-text alignwide is-stacked-on-mobile\" style=\"grid-template-columns:35% auto\"><figure class=\"wp-block-media-text__media\"><img loading=\"lazy\" decoding=\"async\" width=\"1024\" height=\"682\" src=\"https:\/\/www.foerderverein-emg.de\/wp-content\/uploads\/2020\/11\/Skawina-1024x682.jpg\" alt=\"\" class=\"wp-image-372\" srcset=\"https:\/\/www.foerderverein-emg.de\/wp-content\/uploads\/2020\/11\/Skawina-1024x682.jpg 1024w, https:\/\/www.foerderverein-emg.de\/wp-content\/uploads\/2020\/11\/Skawina-350x233.jpg 350w, https:\/\/www.foerderverein-emg.de\/wp-content\/uploads\/2020\/11\/Skawina-300x200.jpg 300w, https:\/\/www.foerderverein-emg.de\/wp-content\/uploads\/2020\/11\/Skawina-768x512.jpg 768w, https:\/\/www.foerderverein-emg.de\/wp-content\/uploads\/2020\/11\/Skawina-1536x1024.jpg 1536w, https:\/\/www.foerderverein-emg.de\/wp-content\/uploads\/2020\/11\/Skawina-2048x1365.jpg 2048w\" sizes=\"auto, (max-width: 767px) 89vw, (max-width: 1000px) 54vw, (max-width: 1071px) 543px, 580px\" \/><\/figure><div class=\"wp-block-media-text__content\">\n<p class=\"has-normal-font-size\"><strong>Sprachen:<\/strong><br>Zusch\u00fcsse zu Sch\u00fcleraustauschen, Exkursionen, Theaterbesuchen oder Sch\u00fclerwettbewerben<\/p>\n<\/div><\/div>\n\n\n\n<div style=\"height:40px\" aria-hidden=\"true\" class=\"wp-block-spacer\"><\/div>\n\n\n\n<div class=\"wp-block-media-text alignwide is-stacked-on-mobile\" style=\"grid-template-columns:35% auto\"><figure class=\"wp-block-media-text__media\"><img loading=\"lazy\" decoding=\"async\" width=\"1024\" height=\"714\" src=\"https:\/\/www.foerderverein-emg.de\/wp-content\/uploads\/2020\/11\/Wetterstation-2-1024x714.jpg\" alt=\"\" class=\"wp-image-376\" srcset=\"https:\/\/www.foerderverein-emg.de\/wp-content\/uploads\/2020\/11\/Wetterstation-2-1024x714.jpg 1024w, https:\/\/www.foerderverein-emg.de\/wp-content\/uploads\/2020\/11\/Wetterstation-2-350x244.jpg 350w, https:\/\/www.foerderverein-emg.de\/wp-content\/uploads\/2020\/11\/Wetterstation-2-300x209.jpg 300w, https:\/\/www.foerderverein-emg.de\/wp-content\/uploads\/2020\/11\/Wetterstation-2-768x536.jpg 768w, https:\/\/www.foerderverein-emg.de\/wp-content\/uploads\/2020\/11\/Wetterstation-2-1536x1071.jpg 1536w, https:\/\/www.foerderverein-emg.de\/wp-content\/uploads\/2020\/11\/Wetterstation-2.jpg 1718w\" sizes=\"auto, (max-width: 767px) 89vw, (max-width: 1000px) 54vw, (max-width: 1071px) 543px, 580px\" \/><\/figure><div class=\"wp-block-media-text__content\">\n<p class=\"has-normal-font-size\"><strong>Naturwissenschaften:<\/strong><br>Anschaffung von Verbrauchsmitteln und Ger\u00e4ten, Exkursionen zu umliegenden Betrieben, Sch\u00fclerwettbewerbe<\/p>\n<\/div><\/div>\n\n\n\n<div style=\"height:41px\" aria-hidden=\"true\" class=\"wp-block-spacer\"><\/div>\n\n\n\n<div class=\"wp-block-media-text alignwide is-stacked-on-mobile\" style=\"grid-template-columns:35% auto\"><figure class=\"wp-block-media-text__media\"><img decoding=\"async\" src=\"https:\/\/www.foerderverein-emg.de\/wp-content\/uploads\/2020\/11\/eifel5-766x1024.jpg\" alt=\"\" class=\"wp-image-346\"\/><\/figure><div class=\"wp-block-media-text__content\">\n<p class=\"has-normal-font-size\"><strong>Gesellschaftswissenschaften:<\/strong><br>Kauf von Anschauungsmaterial, Exkursionen zu Museen, Landtag, Eifel, Ottosee<\/p>\n<\/div><\/div>\n\n\n\n<div style=\"height:41px\" aria-hidden=\"true\" class=\"wp-block-spacer\"><\/div>\n\n\n\n<div class=\"wp-block-media-text alignwide is-stacked-on-mobile\" style=\"grid-template-columns:35% auto\"><figure class=\"wp-block-media-text__media\"><img loading=\"lazy\" decoding=\"async\" width=\"1024\" height=\"1022\" src=\"https:\/\/www.foerderverein-emg.de\/wp-content\/uploads\/2020\/10\/Fluegel-1024x1022.jpg\" alt=\"\" class=\"wp-image-218\" srcset=\"https:\/\/www.foerderverein-emg.de\/wp-content\/uploads\/2020\/10\/Fluegel-1024x1022.jpg 1024w, https:\/\/www.foerderverein-emg.de\/wp-content\/uploads\/2020\/10\/Fluegel-scaled-250x250.jpg 250w, https:\/\/www.foerderverein-emg.de\/wp-content\/uploads\/2020\/10\/Fluegel-100x100.jpg 100w, https:\/\/www.foerderverein-emg.de\/wp-content\/uploads\/2020\/10\/Fluegel-scaled-350x349.jpg 350w, https:\/\/www.foerderverein-emg.de\/wp-content\/uploads\/2020\/10\/Fluegel-300x300.jpg 300w, https:\/\/www.foerderverein-emg.de\/wp-content\/uploads\/2020\/10\/Fluegel-150x150.jpg 150w, https:\/\/www.foerderverein-emg.de\/wp-content\/uploads\/2020\/10\/Fluegel-768x766.jpg 768w, https:\/\/www.foerderverein-emg.de\/wp-content\/uploads\/2020\/10\/Fluegel-1536x1533.jpg 1536w, https:\/\/www.foerderverein-emg.de\/wp-content\/uploads\/2020\/10\/Fluegel-2048x2043.jpg 2048w\" sizes=\"auto, (max-width: 767px) 89vw, (max-width: 1000px) 54vw, (max-width: 1071px) 543px, 580px\" \/><\/figure><div class=\"wp-block-media-text__content\">\n<p class=\"has-normal-font-size\"><strong>Musik:<\/strong><br>Zusch\u00fcsse zur Wartung gespendeter Musikinstrumente, Besuche der Philharmonie, Unterst\u00fctzung bei Musikfesten<\/p>\n<\/div><\/div>\n\n\n\n<div style=\"height:40px\" aria-hidden=\"true\" class=\"wp-block-spacer\"><\/div>\n\n\n\n<div class=\"wp-block-media-text alignwide is-stacked-on-mobile\" style=\"grid-template-columns:35% auto\"><figure class=\"wp-block-media-text__media\"><img loading=\"lazy\" decoding=\"async\" width=\"1024\" height=\"768\" src=\"https:\/\/www.foerderverein-emg.de\/wp-content\/uploads\/2020\/11\/Kaenguru2019_5d-1024x768.jpg\" alt=\"\" class=\"wp-image-375\" srcset=\"https:\/\/www.foerderverein-emg.de\/wp-content\/uploads\/2020\/11\/Kaenguru2019_5d-1024x768.jpg 1024w, https:\/\/www.foerderverein-emg.de\/wp-content\/uploads\/2020\/11\/Kaenguru2019_5d-350x263.jpg 350w, https:\/\/www.foerderverein-emg.de\/wp-content\/uploads\/2020\/11\/Kaenguru2019_5d-300x225.jpg 300w, https:\/\/www.foerderverein-emg.de\/wp-content\/uploads\/2020\/11\/Kaenguru2019_5d-768x576.jpg 768w, https:\/\/www.foerderverein-emg.de\/wp-content\/uploads\/2020\/11\/Kaenguru2019_5d-1536x1152.jpg 1536w, https:\/\/www.foerderverein-emg.de\/wp-content\/uploads\/2020\/11\/Kaenguru2019_5d-2048x1536.jpg 2048w\" sizes=\"auto, (max-width: 767px) 89vw, (max-width: 1000px) 54vw, (max-width: 1071px) 543px, 580px\" \/><\/figure><div class=\"wp-block-media-text__content\">\n<p class=\"has-normal-font-size\"><strong>Sport:<\/strong><br>Anschaffung von Ger\u00e4ten, Preise f\u00fcr Sch\u00fclerwettbewerbe<\/p>\n<\/div><\/div>\n\n\n\n<div style=\"height:40px\" aria-hidden=\"true\" class=\"wp-block-spacer\"><\/div>\n\n\n\n<div class=\"wp-block-media-text alignwide is-stacked-on-mobile\" style=\"grid-template-columns:35% auto\"><figure class=\"wp-block-media-text__media\"><img loading=\"lazy\" decoding=\"async\" width=\"684\" height=\"1024\" src=\"https:\/\/www.foerderverein-emg.de\/wp-content\/uploads\/2020\/11\/EMG-Fo\u2560erderverein-2020-4-684x1024.jpg\" alt=\"\" class=\"wp-image-341\"\/><\/figure><div class=\"wp-block-media-text__content\">\n<p class=\"has-normal-font-size\"><strong>Sch\u00fcler-AGs:<\/strong><br>Finanzierungen und Anschaffungen f\u00fcr die Foto-AG, Raspberry-Pi-AG, Technik-AG, Theater-AG, Chor, Sch\u00fcler-Sanit\u00e4ter<\/p>\n<\/div><\/div>\n\n\n\n<div style=\"height:40px\" aria-hidden=\"true\" class=\"wp-block-spacer\"><\/div>\n\n\n\n<div class=\"wp-block-media-text alignwide is-stacked-on-mobile\" style=\"grid-template-columns:35% auto\"><figure class=\"wp-block-media-text__media\"><img decoding=\"async\" src=\"https:\/\/www.foerderverein-emg.de\/wp-content\/uploads\/2020\/11\/Logo_FV-EMG-1-1024x1024.jpg\" alt=\"\" class=\"wp-image-401\"\/><\/figure><div class=\"wp-block-media-text__content\">\n<p><strong>Berufsorientierung:<\/strong><br>Unterst\u00fctzung bei den Veranstaltungen des Berufespeeddatings und des Dies Academicus, Dozenten aquirieren<\/p>\n<\/div><\/div>\n\n\n\n<div style=\"height:40px\" aria-hidden=\"true\" class=\"wp-block-spacer\"><\/div>\n\n\n\n<div class=\"wp-block-media-text alignwide is-stacked-on-mobile\" style=\"grid-template-columns:35% auto\"><figure class=\"wp-block-media-text__media\"><img loading=\"lazy\" decoding=\"async\" width=\"1024\" height=\"777\" src=\"https:\/\/www.foerderverein-emg.de\/wp-content\/uploads\/2020\/11\/EMG-Fo\u2560erderverein-2020-5-1024x777.jpg\" alt=\"\" class=\"wp-image-343\" srcset=\"https:\/\/www.foerderverein-emg.de\/wp-content\/uploads\/2020\/11\/EMG-Fo\u2560erderverein-2020-5-1024x777.jpg 1024w, https:\/\/www.foerderverein-emg.de\/wp-content\/uploads\/2020\/11\/EMG-Fo\u2560erderverein-2020-5-350x266.jpg 350w, https:\/\/www.foerderverein-emg.de\/wp-content\/uploads\/2020\/11\/EMG-Fo\u2560erderverein-2020-5-300x228.jpg 300w, https:\/\/www.foerderverein-emg.de\/wp-content\/uploads\/2020\/11\/EMG-Fo\u2560erderverein-2020-5-768x583.jpg 768w, https:\/\/www.foerderverein-emg.de\/wp-content\/uploads\/2020\/11\/EMG-Fo\u2560erderverein-2020-5.jpg 1297w\" sizes=\"auto, (max-width: 767px) 89vw, (max-width: 1000px) 54vw, (max-width: 1071px) 543px, 580px\" \/><\/figure><div class=\"wp-block-media-text__content\">\n<p><strong>Pausen:<\/strong><br>Anschaffen von Kickern, Toren, Tischtennisplatten&#8230;<\/p>\n<\/div><\/div>\n","protected":false},"excerpt":{"rendered":"<p>Es ist das Ziel des F\u00f6rdervereins, m\u00f6glichst alle Fachschaften und Aktivit\u00e4ten zu unterst\u00fctzen und zu f\u00f6rdern Sprachen:Zusch\u00fcsse zu Sch\u00fcleraustauschen, Exkursionen, Theaterbesuchen oder Sch\u00fclerwettbewerben Naturwissenschaften:Anschaffung von Verbrauchsmitteln und Ger\u00e4ten, Exkursionen zu umliegenden Betrieben, Sch\u00fclerwettbewerbe Gesellschaftswissenschaften:Kauf von Anschauungsmaterial, Exkursionen zu Museen, Landtag, Eifel, Ottosee Musik:Zusch\u00fcsse zur Wartung gespendeter Musikinstrumente, Besuche der Philharmonie, Unterst\u00fctzung bei Musikfesten Sport:Anschaffung von &hellip; <\/p>\n<p class=\"link-more\"><a href=\"https:\/\/www.foerderverein-emg.de\/?page_id=193\" class=\"more-link\"><span class=\"screen-reader-text\">\u201eZielsetzung\u201c <\/span>weiterlesen<\/a><\/p>\n","protected":false},"author":3,"featured_media":0,"parent":0,"menu_order":0,"comment_status":"closed","ping_status":"closed","template":"","meta":{"footnotes":""},"class_list":["post-193","page","type-page","status-publish","hentry"],"_links":{"self":[{"href":"https:\/\/www.foerderverein-emg.de\/index.php?rest_route=\/wp\/v2\/pages\/193","targetHints":{"allow":["GET"]}}],"collection":[{"href":"https:\/\/www.foerderverein-emg.de\/index.php?rest_route=\/wp\/v2\/pages"}],"about":[{"href":"https:\/\/www.foerderverein-emg.de\/index.php?rest_route=\/wp\/v2\/types\/page"}],"author":[{"embeddable":true,"href":"https:\/\/www.foerderverein-emg.de\/index.php?rest_route=\/wp\/v2\/users\/3"}],"replies":[{"embeddable":true,"href":"https:\/\/www.foerderverein-emg.de\/index.php?rest_route=%2Fwp%2Fv2%2Fcomments&post=193"}],"version-history":[{"count":18,"href":"https:\/\/www.foerderverein-emg.de\/index.php?rest_route=\/wp\/v2\/pages\/193\/revisions"}],"predecessor-version":[{"id":430,"href":"https:\/\/www.foerderverein-emg.de\/index.php?rest_route=\/wp\/v2\/pages\/193\/revisions\/430"}],"wp:attachment":[{"href":"https:\/\/www.foerderverein-emg.de\/index.php?rest_route=%2Fwp%2Fv2%2Fmedia&parent=193"}],"curies":[{"name":"wp","href":"https:\/\/api.w.org\/{rel}","templated":true}]}}