{"id":2,"date":"2019-03-08T18:12:15","date_gmt":"2019-03-08T17:12:15","guid":{"rendered":"http:\/\/fv-emg.usimon.de\/?page_id=2"},"modified":"2021-10-21T21:22:59","modified_gmt":"2021-10-21T19:22:59","slug":"freunde-und-foerderer-des-ernst-mach-gymnasiums","status":"publish","type":"page","link":"https:\/\/www.foerderverein-emg.de\/?page_id=2","title":{"rendered":"Start"},"content":{"rendered":"\n<div class=\"wp-block-media-text alignwide has-media-on-the-right is-stacked-on-mobile\" style=\"grid-template-columns:auto 48%\"><figure class=\"wp-block-media-text__media\"><img loading=\"lazy\" decoding=\"async\" width=\"1024\" height=\"1024\" src=\"https:\/\/www.foerderverein-emg.de\/wp-content\/uploads\/2020\/11\/Logo_FV-EMG-3-1024x1024.jpg\" alt=\"\" class=\"wp-image-406 size-full\" srcset=\"https:\/\/www.foerderverein-emg.de\/wp-content\/uploads\/2020\/11\/Logo_FV-EMG-3-1024x1024.jpg 1024w, https:\/\/www.foerderverein-emg.de\/wp-content\/uploads\/2020\/11\/Logo_FV-EMG-3-250x250.jpg 250w, https:\/\/www.foerderverein-emg.de\/wp-content\/uploads\/2020\/11\/Logo_FV-EMG-3-100x100.jpg 100w, https:\/\/www.foerderverein-emg.de\/wp-content\/uploads\/2020\/11\/Logo_FV-EMG-3-350x350.jpg 350w, https:\/\/www.foerderverein-emg.de\/wp-content\/uploads\/2020\/11\/Logo_FV-EMG-3-300x300.jpg 300w, https:\/\/www.foerderverein-emg.de\/wp-content\/uploads\/2020\/11\/Logo_FV-EMG-3-150x150.jpg 150w, https:\/\/www.foerderverein-emg.de\/wp-content\/uploads\/2020\/11\/Logo_FV-EMG-3-768x768.jpg 768w, https:\/\/www.foerderverein-emg.de\/wp-content\/uploads\/2020\/11\/Logo_FV-EMG-3.jpg 1181w\" sizes=\"auto, (max-width: 767px) 89vw, (max-width: 1000px) 54vw, (max-width: 1071px) 543px, 580px\" \/><\/figure><div class=\"wp-block-media-text__content\">\n<p class=\"has-medium-font-size\">Herzlich willkommen auf den Webseiten der Freunde und F\u00f6rderer des Ernst-Mach-Gymnasiums e.V.!<\/p>\n<\/div><\/div>\n\n\n\n<p>Wir freuen uns \u00fcber Ihr Interesse an den Aufgaben und der T\u00e4tigkeit des EMG-F\u00f6rdervereins und hoffen, Ihnen mit diesen Seiten einen guten \u00dcberblick \u00fcber die Arbeit des Vereins zu geben.<\/p>\n\n\n\n<p>Falls Sie Mitglied des F\u00f6rdervereins werden m\u00f6chten, finden Sie unter &#8222;Downloads&#8220; das Formular der Beitrittserkl\u00e4rung oder Sie k\u00f6nnen unter &#8222;Mitglied werden&#8220; sofort online beitreten.<\/p>\n\n\n\n<p>Um m\u00f6glichst viele Projekte durchf\u00fchren zu k\u00f6nnen, sind wir immer auf Gelder angewiesen. Wenn Sie also den Verein finanziell unterst\u00fctzen m\u00f6chten, freuen wir uns \u00fcber eine Spende. Die Bankverbindung ist unter Kontakte hinterlegt. Auf Wunsch stellen wir gerne eine Spendenquittung aus.<\/p>\n\n\n\n<p><\/p>\n","protected":false},"excerpt":{"rendered":"<p>Herzlich willkommen auf den Webseiten der Freunde und F\u00f6rderer des Ernst-Mach-Gymnasiums e.V.! Wir freuen uns \u00fcber Ihr Interesse an den Aufgaben und der T\u00e4tigkeit des EMG-F\u00f6rdervereins und hoffen, Ihnen mit diesen Seiten einen guten \u00dcberblick \u00fcber die Arbeit des Vereins zu geben. Falls Sie Mitglied des F\u00f6rdervereins werden m\u00f6chten, finden Sie unter &#8222;Downloads&#8220; das Formular &hellip; <\/p>\n<p class=\"link-more\"><a href=\"https:\/\/www.foerderverein-emg.de\/?page_id=2\" class=\"more-link\"><span class=\"screen-reader-text\">\u201eStart\u201c <\/span>weiterlesen<\/a><\/p>\n","protected":false},"author":1,"featured_media":0,"parent":0,"menu_order":0,"comment_status":"closed","ping_status":"closed","template":"","meta":{"footnotes":""},"class_list":["post-2","page","type-page","status-publish","hentry"],"_links":{"self":[{"href":"https:\/\/www.foerderverein-emg.de\/index.php?rest_route=\/wp\/v2\/pages\/2","targetHints":{"allow":["GET"]}}],"collection":[{"href":"https:\/\/www.foerderverein-emg.de\/index.php?rest_route=\/wp\/v2\/pages"}],"about":[{"href":"https:\/\/www.foerderverein-emg.de\/index.php?rest_route=\/wp\/v2\/types\/page"}],"author":[{"embeddable":true,"href":"https:\/\/www.foerderverein-emg.de\/index.php?rest_route=\/wp\/v2\/users\/1"}],"replies":[{"embeddable":true,"href":"https:\/\/www.foerderverein-emg.de\/index.php?rest_route=%2Fwp%2Fv2%2Fcomments&post=2"}],"version-history":[{"count":12,"href":"https:\/\/www.foerderverein-emg.de\/index.php?rest_route=\/wp\/v2\/pages\/2\/revisions"}],"predecessor-version":[{"id":675,"href":"https:\/\/www.foerderverein-emg.de\/index.php?rest_route=\/wp\/v2\/pages\/2\/revisions\/675"}],"wp:attachment":[{"href":"https:\/\/www.foerderverein-emg.de\/index.php?rest_route=%2Fwp%2Fv2%2Fmedia&parent=2"}],"curies":[{"name":"wp","href":"https:\/\/api.w.org\/{rel}","templated":true}]}}