{"id":228,"date":"2020-10-18T23:00:41","date_gmt":"2020-10-18T21:00:41","guid":{"rendered":"https:\/\/www.foerderverein-emg.de\/?page_id=228"},"modified":"2022-12-20T09:23:48","modified_gmt":"2022-12-20T08:23:48","slug":"maezen","status":"publish","type":"page","link":"https:\/\/www.foerderverein-emg.de\/?page_id=228","title":{"rendered":"M\u00e4zene"},"content":{"rendered":"\n<p>Unser besonderer Dank richtet sich an die Spender und Sponsoren, die uns in den Jahren in vielen Arbeitsbereichen mit ihren F\u00f6rderbeitr\u00e4gen oder als Partner unterst\u00fctzt haben.<\/p>\n\n\n\n<figure class=\"wp-block-table\"><table><tbody><tr><td><strong>Alanus Hochschule<\/strong><br><\/td><\/tr><tr><td><strong>Bauhaus H\u00fcrth GmbH&amp;Co.KG<\/strong><br><\/td><\/tr><tr><td><strong>Bautz&amp;Klinkhammer<\/strong><br><\/td><\/tr><tr><td><strong>Brainpool TV<\/strong><br><\/td><\/tr><tr><td><strong>de Haar grafikdesign<\/strong><br><\/td><\/tr><tr><td><strong>Die Gr\u00fcnen<\/strong><br><\/td><\/tr><tr><td><strong>Dr. L\u00f6ndorf<\/strong><br><\/td><\/tr><tr><td><strong>Dresen&amp;Heidtmann<\/strong><br><\/td><\/tr><tr><td><strong>EEW Energy from waste Saarbr\u00fccken GmbH<\/strong><br><\/td><\/tr><tr><td><strong>Englisches Institut<\/strong> <strong>K\u00f6ln<\/strong><br><\/td><\/tr><tr><td><strong>EUFH Rhein-Erft GmbH<\/strong><br><\/td><\/tr><tr><td><strong>Fahrschule Fink<\/strong><br><\/td><\/tr><tr><td><strong>FFI Verlag<\/strong><br><\/td><\/tr><tr><td><strong>FH des Mittelstandes<\/strong><br><\/td><\/tr><tr><td><strong>FH f\u00fcr \u00d6konomie&amp;Management<\/strong><br><\/td><\/tr><tr><td><strong>GB Immobilien<\/strong><br><\/td><\/tr><tr><td><strong>General Reinsurance<\/strong><br><\/td><\/tr><tr><td><strong>GVG Rhein-Erft<\/strong><br><\/td><\/tr><tr><td><strong>Hardy Remagen<\/strong><br><\/td><\/tr><tr><td><strong>Heidtmann Solartechnik<\/strong><br><\/td><\/tr><tr><td><strong>iba university&nbsp;<\/strong><br><\/td><\/tr><tr><td><strong>InfraServ<\/strong><br><\/td><\/tr><tr><td><strong>Ingenieurb\u00fcro TGA<br><\/strong><\/td><\/tr><tr><td><strong>KSK K\u00f6ln<\/strong>, <strong>Regional-Filiale Herm\u00fclheim<\/strong><br><\/td><\/tr><tr><td><strong>Lernkreis Nettersheim<\/strong><br><\/td><\/tr><tr><td><strong>LVR &#8211; FB Personal&amp;Organisation<\/strong><br><\/td><\/tr><tr><td><strong>Omnibus Bohr<\/strong><br><\/td><\/tr><tr><td><strong>Omnibus Schilling<\/strong><br><\/td><\/tr><tr><td><strong>PD&amp;H(10pin)<\/strong><br><\/td><\/tr><tr><td><strong>Pluspunkt Nachhilfeschule<\/strong><br><\/td><\/tr><tr><td><strong>Raiffeisenbank<\/strong><br><\/td><\/tr><tr><td><strong>Rhein-Erft-Akademie<\/strong><br><\/td><\/tr><tr><td><strong>Schwimmclub H\u00fcrth<\/strong><br><\/td><\/tr><tr><td><strong>Steuerberatungsgesellschaft<\/strong> <strong>Nacken Hillebrand Partner<\/strong><br><\/td><\/tr><tr><td><strong>Studien-Kreis H\u00fcrth<\/strong><br><\/td><\/tr><tr><td><strong>Volksbank Rhein-Erft-K\u00f6ln eG<\/strong><\/td><\/tr><tr><td><strong>V3IME GmbH<\/strong><br><\/td><\/tr><tr><td><strong>XStudy (FOM)<\/strong><\/td><\/tr><\/tbody><\/table><\/figure>\n","protected":false},"excerpt":{"rendered":"<p>Unser besonderer Dank richtet sich an die Spender und Sponsoren, die uns in den Jahren in vielen Arbeitsbereichen mit ihren F\u00f6rderbeitr\u00e4gen oder als Partner unterst\u00fctzt haben. Alanus Hochschule Bauhaus H\u00fcrth GmbH&amp;Co.KG Bautz&amp;Klinkhammer Brainpool TV de Haar grafikdesign Die Gr\u00fcnen Dr. L\u00f6ndorf Dresen&amp;Heidtmann EEW Energy from waste Saarbr\u00fccken GmbH Englisches Institut K\u00f6ln EUFH Rhein-Erft GmbH Fahrschule &hellip; <\/p>\n<p class=\"link-more\"><a href=\"https:\/\/www.foerderverein-emg.de\/?page_id=228\" class=\"more-link\"><span class=\"screen-reader-text\">\u201eM\u00e4zene\u201c <\/span>weiterlesen<\/a><\/p>\n","protected":false},"author":3,"featured_media":0,"parent":0,"menu_order":0,"comment_status":"closed","ping_status":"closed","template":"","meta":{"footnotes":""},"class_list":["post-228","page","type-page","status-publish","hentry"],"_links":{"self":[{"href":"https:\/\/www.foerderverein-emg.de\/index.php?rest_route=\/wp\/v2\/pages\/228","targetHints":{"allow":["GET"]}}],"collection":[{"href":"https:\/\/www.foerderverein-emg.de\/index.php?rest_route=\/wp\/v2\/pages"}],"about":[{"href":"https:\/\/www.foerderverein-emg.de\/index.php?rest_route=\/wp\/v2\/types\/page"}],"author":[{"embeddable":true,"href":"https:\/\/www.foerderverein-emg.de\/index.php?rest_route=\/wp\/v2\/users\/3"}],"replies":[{"embeddable":true,"href":"https:\/\/www.foerderverein-emg.de\/index.php?rest_route=%2Fwp%2Fv2%2Fcomments&post=228"}],"version-history":[{"count":13,"href":"https:\/\/www.foerderverein-emg.de\/index.php?rest_route=\/wp\/v2\/pages\/228\/revisions"}],"predecessor-version":[{"id":1488,"href":"https:\/\/www.foerderverein-emg.de\/index.php?rest_route=\/wp\/v2\/pages\/228\/revisions\/1488"}],"wp:attachment":[{"href":"https:\/\/www.foerderverein-emg.de\/index.php?rest_route=%2Fwp%2Fv2%2Fmedia&parent=228"}],"curies":[{"name":"wp","href":"https:\/\/api.w.org\/{rel}","templated":true}]}}