{"id":3145,"date":"2025-10-29T08:53:55","date_gmt":"2025-10-29T07:53:55","guid":{"rendered":"https:\/\/www.foerderverein-emg.de\/?page_id=3145"},"modified":"2025-10-29T08:53:55","modified_gmt":"2025-10-29T07:53:55","slug":"verwendung-der-gelder-und-spenden-2025","status":"publish","type":"page","link":"https:\/\/www.foerderverein-emg.de\/?page_id=3145","title":{"rendered":"Verwendung der Gelder und Spenden 2025"},"content":{"rendered":"\n<figure class=\"wp-block-table\"><table><tbody><tr><td><strong>Nr.<\/strong><\/td><td><strong>Titel<\/strong><\/td><td><strong>Fachschaft<\/strong><\/td><\/tr><tr><td>39<\/td><td>Mensaverein f\u00fcr Bewirtung<\/td><td>alle<\/td><\/tr><tr><td>38<\/td><td>Preise f\u00fcr den Vorlesewettbewerb<\/td><td>Klasse 6<\/td><\/tr><tr><td>37<\/td><td>Unterst\u00fctzung beim Tag der offenen T\u00fcr<\/td><td>neue 5-er<\/td><\/tr><tr><td>36<\/td><td>Bewirtung Berufespeeddating<\/td><td>Q1<\/td><\/tr><tr><td>35<\/td><td>Reparatur Fu\u00dfballkicker<\/td><td>alle<\/td><\/tr><tr><td>34<\/td><td>Helfertreffen Sommerfest<\/td><td>alle<\/td><\/tr><tr><td>33<\/td><td>Unterst\u00fctzung Exkursion Stra\u00dfburg<\/td><td>Klasse 9<\/td><\/tr><tr><td>32<\/td><td>Catering Kennenlernnachmittag<\/td><td>neue 5-er<\/td><\/tr><tr><td>31<\/td><td>Unterst\u00fctzung Sommerfest<\/td><td>alle<\/td><\/tr><tr><td>30<\/td><td>Auslagen Labs for Chips f\u00fcr Wasserstoffauto<\/td><td>Mittelstufe<\/td><\/tr><tr><td>29<\/td><td>Unterst\u00fctzung Exkursion Yjsselstein<\/td><td>Klasse 9<\/td><\/tr><tr><td>28<\/td><td>Preise f\u00fcr Journalismus-WB<\/td><td>Klasse 9<\/td><\/tr><tr><td>27<\/td><td>Preise f\u00fcr K\u00e4nguru-WB<\/td><td>Klasse 6<\/td><\/tr><tr><td>26<\/td><td>Workshop Medien Hanno Lenz<\/td><td>Klasse 5<\/td><\/tr><tr><td>25<\/td><td>Ausstattung des Ganztages nach Umzug mit Sofas<\/td><td>Ganztag<\/td><\/tr><tr><td>24<\/td><td>Unterst\u00fctzung Exkursion Eifel<\/td><td>Stufe 8<\/td><\/tr><tr><td>23<\/td><td>Preise f\u00fcr M\u00e4dchen-F\u00f6rderung im MINT-Bereich<\/td><td>Mittelstufe<\/td><\/tr><tr><td>22<\/td><td>Bauteile f\u00fcr Automaten<\/td><td>MPI-Kurs<\/td><\/tr><tr><td>21<\/td><td>Ausstattung f\u00fcr die Garten-AG<\/td><td>Garten-AG<\/td><\/tr><tr><td>20<\/td><td><strong>Projekt Tischtennisplatten<\/strong> auf dem Schulhof<\/td><td>alle<\/td><\/tr><tr><td>19<\/td><td>Andenken f\u00fcr bilingualen Abschluss<\/td><td>Q2<\/td><\/tr><tr><td>18<\/td><td>Lizenverl\u00e4ngerung iPADs<\/td><td>Mittelstufe<\/td><\/tr><tr><td>17<\/td><td>Rasennachsaat f\u00fcr Bolzplatz<\/td><td>alle<\/td><\/tr><tr><td>16<\/td><td>Gemeinsame Lesung<\/td><td>Klasse 7<\/td><\/tr><tr><td>15<\/td><td>Erneuerungsanstrich der Kletterwand<\/td><td>alle<\/td><\/tr><tr><td>14<\/td><td>Trennwand f\u00fcr Kleiderb\u00f6rse<\/td><td>Klima-AG<\/td><\/tr><tr><td>13<\/td><td>Ausstattung Ganztag Sitzs\u00e4cke<\/td><td>Ganztag<\/td><\/tr><tr><td>12<\/td><td>Ausflug Weihnachtsmarkt<\/td><td>Q2<\/td><\/tr><tr><td>11<\/td><td>Pflanzen f\u00fcr Selbstlernzentrum<\/td><td>SLZ<\/td><\/tr><tr><td>10<\/td><td>Erweiterung Merchandising-Artikel<\/td><td>alle<\/td><\/tr><tr><td>9<\/td><td>Anmeldegeb\u00fchr Technik Begeistert<\/td><td>Mittelstufe<\/td><\/tr><tr><td>8<\/td><td>Ikea Werkbank<\/td><td>Ganztag<\/td><\/tr><tr><td>7<\/td><td>Mensaverein Catering<\/td><td>alle<\/td><\/tr><tr><td>6<\/td><td>Bewirtung Ersthelfertag<\/td><td>Q1<\/td><\/tr><tr><td>5<\/td><td>Auslagen Karneval<\/td><td>alle<\/td><\/tr><tr><td>4<\/td><td>Tastenklappenfeder Klavier<\/td><td>Musik<\/td><\/tr><tr><td>3<\/td><td>T-Shirts DRK Service<\/td><td>Sanit\u00e4ter<\/td><\/tr><tr><td>2<\/td><td>Beschaffung Nebelkammer<\/td><td>Physik<\/td><\/tr><tr><td>1<\/td><td>Neue F\u00fcllung Notfallrucksack<\/td><td>Sanit\u00e4ter<\/td><\/tr><\/tbody><\/table><\/figure>\n\n\n\n<p><\/p>\n","protected":false},"excerpt":{"rendered":"<p>Nr. Titel Fachschaft 39 Mensaverein f\u00fcr Bewirtung alle 38 Preise f\u00fcr den Vorlesewettbewerb Klasse 6 37 Unterst\u00fctzung beim Tag der offenen T\u00fcr neue 5-er 36 Bewirtung Berufespeeddating Q1 35 Reparatur Fu\u00dfballkicker alle 34 Helfertreffen Sommerfest alle 33 Unterst\u00fctzung Exkursion Stra\u00dfburg Klasse 9 32 Catering Kennenlernnachmittag neue 5-er 31 Unterst\u00fctzung Sommerfest alle 30 Auslagen Labs for &hellip; <\/p>\n<p class=\"link-more\"><a href=\"https:\/\/www.foerderverein-emg.de\/?page_id=3145\" class=\"more-link\"><span class=\"screen-reader-text\">\u201eVerwendung der Gelder und Spenden 2025\u201c <\/span>weiterlesen<\/a><\/p>\n","protected":false},"author":3,"featured_media":0,"parent":0,"menu_order":0,"comment_status":"closed","ping_status":"closed","template":"","meta":{"footnotes":""},"class_list":["post-3145","page","type-page","status-publish","hentry"],"_links":{"self":[{"href":"https:\/\/www.foerderverein-emg.de\/index.php?rest_route=\/wp\/v2\/pages\/3145","targetHints":{"allow":["GET"]}}],"collection":[{"href":"https:\/\/www.foerderverein-emg.de\/index.php?rest_route=\/wp\/v2\/pages"}],"about":[{"href":"https:\/\/www.foerderverein-emg.de\/index.php?rest_route=\/wp\/v2\/types\/page"}],"author":[{"embeddable":true,"href":"https:\/\/www.foerderverein-emg.de\/index.php?rest_route=\/wp\/v2\/users\/3"}],"replies":[{"embeddable":true,"href":"https:\/\/www.foerderverein-emg.de\/index.php?rest_route=%2Fwp%2Fv2%2Fcomments&post=3145"}],"version-history":[{"count":1,"href":"https:\/\/www.foerderverein-emg.de\/index.php?rest_route=\/wp\/v2\/pages\/3145\/revisions"}],"predecessor-version":[{"id":3146,"href":"https:\/\/www.foerderverein-emg.de\/index.php?rest_route=\/wp\/v2\/pages\/3145\/revisions\/3146"}],"wp:attachment":[{"href":"https:\/\/www.foerderverein-emg.de\/index.php?rest_route=%2Fwp%2Fv2%2Fmedia&parent=3145"}],"curies":[{"name":"wp","href":"https:\/\/api.w.org\/{rel}","templated":true}]}}