{"id":487,"date":"2021-02-28T14:17:38","date_gmt":"2021-02-28T13:17:38","guid":{"rendered":"https:\/\/www.foerderverein-emg.de\/?page_id=487"},"modified":"2025-03-29T15:39:34","modified_gmt":"2025-03-29T14:39:34","slug":"kontakt","status":"publish","type":"page","link":"https:\/\/www.foerderverein-emg.de\/?page_id=487","title":{"rendered":"Kontakt"},"content":{"rendered":"\n<p style=\"font-size:14px\">Verein der Freunde und F\u00f6rderer des Ernst-Mach-Gymnasiums der Stadt H\u00fcrth e.V.<br>Bonnstrasse 64-66<br>50354 H\u00fcrth<br>E-Mail: <a href=\"mailto:vorstand@foerderverein-emg.de\">vorstand@foerderverein-emg.de<\/a><\/p>\n\n\n\n<div style=\"height:25px\" aria-hidden=\"true\" class=\"wp-block-spacer\"><\/div>\n\n\n\n<p>Bankverbindung:<br>Volksbank Rhein-Erft-K\u00f6ln eG, IBAN: DE47 3706 2365 0102 7270 10<\/p>\n\n\n\n<div style=\"height:20px\" aria-hidden=\"true\" class=\"wp-block-spacer\"><\/div>\n\n\n\n<figure class=\"wp-block-table\"><table><tbody><tr><td><strong>Vorstand:<\/strong><\/td><td><\/td><\/tr><tr><td>1. Vorsitzender:<\/td><td>Friederike Bischoff<\/td><\/tr><tr><td>2. Vorsitzende:<\/td><td>Ulrike Dude<\/td><\/tr><tr><td>Gesch\u00e4ftsf\u00fchrerin:<\/td><td>Daniela May<br>Gesch\u00e4ftsadresse: Lessingstra\u00dfe 9, 50354 H\u00fcrth<\/td><\/tr><tr><td>Kassiererin:<\/td><td>Mirca Tittmann<\/td><\/tr><tr><td>Schriftf\u00fchrerin:<\/td><td>Ute Blauhut, <\/td><\/tr><\/tbody><\/table><\/figure>\n\n\n\n<p>Sie k\u00f6nnen den Vorstand des F\u00f6rderverein erreichen unter der E-Mail-Adresse:  <a href=\"mailto:vorstand@foerderverein-emg.de\">vorstand@foerderverein-emg.de<\/a> oder postalisch unter der Gesch\u00e4ftsadresse des Vereins und der Adresse der Schule.<\/p>\n\n\n\n<p><br>       <br>        <br><br>        <br><br><\/p>\n","protected":false},"excerpt":{"rendered":"<p>Verein der Freunde und F\u00f6rderer des Ernst-Mach-Gymnasiums der Stadt H\u00fcrth e.V.Bonnstrasse 64-6650354 H\u00fcrthE-Mail: vorstand@foerderverein-emg.de Bankverbindung:Volksbank Rhein-Erft-K\u00f6ln eG, IBAN: DE47 3706 2365 0102 7270 10 Vorstand: 1. Vorsitzender: Friederike Bischoff 2. Vorsitzende: Ulrike Dude Gesch\u00e4ftsf\u00fchrerin: Daniela MayGesch\u00e4ftsadresse: Lessingstra\u00dfe 9, 50354 H\u00fcrth Kassiererin: Mirca Tittmann Schriftf\u00fchrerin: Ute Blauhut, Sie k\u00f6nnen den Vorstand des F\u00f6rderverein erreichen unter der &hellip; <\/p>\n<p class=\"link-more\"><a href=\"https:\/\/www.foerderverein-emg.de\/?page_id=487\" class=\"more-link\"><span class=\"screen-reader-text\">\u201eKontakt\u201c <\/span>weiterlesen<\/a><\/p>\n","protected":false},"author":3,"featured_media":0,"parent":0,"menu_order":0,"comment_status":"closed","ping_status":"closed","template":"","meta":{"footnotes":""},"class_list":["post-487","page","type-page","status-publish","hentry"],"_links":{"self":[{"href":"https:\/\/www.foerderverein-emg.de\/index.php?rest_route=\/wp\/v2\/pages\/487","targetHints":{"allow":["GET"]}}],"collection":[{"href":"https:\/\/www.foerderverein-emg.de\/index.php?rest_route=\/wp\/v2\/pages"}],"about":[{"href":"https:\/\/www.foerderverein-emg.de\/index.php?rest_route=\/wp\/v2\/types\/page"}],"author":[{"embeddable":true,"href":"https:\/\/www.foerderverein-emg.de\/index.php?rest_route=\/wp\/v2\/users\/3"}],"replies":[{"embeddable":true,"href":"https:\/\/www.foerderverein-emg.de\/index.php?rest_route=%2Fwp%2Fv2%2Fcomments&post=487"}],"version-history":[{"count":20,"href":"https:\/\/www.foerderverein-emg.de\/index.php?rest_route=\/wp\/v2\/pages\/487\/revisions"}],"predecessor-version":[{"id":2254,"href":"https:\/\/www.foerderverein-emg.de\/index.php?rest_route=\/wp\/v2\/pages\/487\/revisions\/2254"}],"wp:attachment":[{"href":"https:\/\/www.foerderverein-emg.de\/index.php?rest_route=%2Fwp%2Fv2%2Fmedia&parent=487"}],"curies":[{"name":"wp","href":"https:\/\/api.w.org\/{rel}","templated":true}]}}