{"id":509,"date":"2021-03-02T08:11:36","date_gmt":"2021-03-02T07:11:36","guid":{"rendered":"https:\/\/www.foerderverein-emg.de\/?page_id=509"},"modified":"2021-12-27T00:15:20","modified_gmt":"2021-12-26T23:15:20","slug":"verwendung-der-gelder-und-spenden-2021","status":"publish","type":"page","link":"https:\/\/www.foerderverein-emg.de\/?page_id=509","title":{"rendered":"Verwendung der Gelder und Spenden 2021"},"content":{"rendered":"\n<figure class=\"wp-block-table\"><table><tbody><tr><td><strong>Nr<\/strong><\/td><td><strong>Titel<\/strong><\/td><td><strong>Fachschaft<\/strong><\/td><\/tr><tr><td>24<\/td><td>Buchgeschenke Vorlesewettbewerb<\/td><td>Deutsch<\/td><\/tr><tr><td>23<\/td><td>IPAD-Stifte als Zubeh\u00f6r f\u00fcr die IPADs<\/td><td>Kunst<\/td><\/tr><tr><td>22<\/td><td>Zuschuss Tag der offenen T\u00fcr Probeessen Mensa<\/td><td>alle<\/td><\/tr><tr><td>21<\/td><td>Zuschuss Tag d. offenen T\u00fcr, Kaffeebuden, Nikol\u00e4use<\/td><td>alle<\/td><\/tr><tr><td>20<\/td><td>Zuschuss Tag der offenen T\u00fcr<\/td><td>Chemie<\/td><\/tr><tr><td>19<\/td><td>Zuschuss Catering<\/td><td>alle<\/td><\/tr><tr><td>18<\/td><td>Baus\u00e4tze EduBreakouts<\/td><td>Klasse 5-8<\/td><\/tr><tr><td>17<\/td><td><strong>Projekt virtueller Online-Auftritt TdoT<\/strong><\/td><td>alle<\/td><\/tr><tr><td>16<\/td><td>Abschluss Projekt Minik\u00f6che<\/td><td>Mittelstufe<\/td><\/tr><tr><td>15<\/td><td>Bauzaunbanner mit EMG-Logos<\/td><td>alle<\/td><\/tr><tr><td>14<\/td><td>Darlehen Stufenfahrt<\/td><td>Q2<\/td><\/tr><tr><td>13<\/td><td>Einschulungsfeier<\/td><td>Klasse 5<\/td><\/tr><tr><td>12<\/td><td><strong>Projekt Schulkleidung<\/strong><\/td><td>alle<\/td><\/tr><tr><td>11<\/td><td>Andenken f\u00fcr bilingualen Abschluss<\/td><td>Q2<\/td><\/tr><tr><td>10<\/td><td>Ausbau der Wetterstation<\/td><td>Mittelstufe<\/td><\/tr><tr><td>9<\/td><td><strong>Projekt Fahrradservicestation<\/strong><\/td><td>alle<\/td><\/tr><tr><td>8<\/td><td>Segensb\u00e4ndchen Abiturfeier 2021<\/td><td>Q2<\/td><\/tr><tr><td>7<\/td><td>Zuschuss Learnie<\/td><td>Stufe 5-9<\/td><\/tr><tr><td>6<\/td><td>Beschaffung von 11 Spikeball-Sets<\/td><td>Sport<\/td><\/tr><tr><td>5<\/td><td><strong>Projekt zweiter IPAD-Koffer mit 30 IPADs<\/strong><\/td><td>alle<\/td><\/tr><tr><td>4<\/td><td>Schullizenz Anton Plus f\u00fcr ein Jahr<\/td><td>alle<\/td><\/tr><tr><td>3<\/td><td>Desinfektionsspr\u00fcher<\/td><td>alle<\/td><\/tr><tr><td>2<\/td><td>Zuschuss Solidarit\u00e4tstopf Abiturfeier 2022<\/td><td>Q1, Q2<\/td><\/tr><tr><td>1<\/td><td>Verpflegung SL-Team<\/td><td>alle<\/td><\/tr><\/tbody><\/table><\/figure>\n","protected":false},"excerpt":{"rendered":"<p>Nr Titel Fachschaft 24 Buchgeschenke Vorlesewettbewerb Deutsch 23 IPAD-Stifte als Zubeh\u00f6r f\u00fcr die IPADs Kunst 22 Zuschuss Tag der offenen T\u00fcr Probeessen Mensa alle 21 Zuschuss Tag d. offenen T\u00fcr, Kaffeebuden, Nikol\u00e4use alle 20 Zuschuss Tag der offenen T\u00fcr Chemie 19 Zuschuss Catering alle 18 Baus\u00e4tze EduBreakouts Klasse 5-8 17 Projekt virtueller Online-Auftritt TdoT alle &hellip; <\/p>\n<p class=\"link-more\"><a href=\"https:\/\/www.foerderverein-emg.de\/?page_id=509\" class=\"more-link\"><span class=\"screen-reader-text\">\u201eVerwendung der Gelder und Spenden 2021\u201c <\/span>weiterlesen<\/a><\/p>\n","protected":false},"author":1,"featured_media":0,"parent":296,"menu_order":0,"comment_status":"closed","ping_status":"closed","template":"","meta":{"footnotes":""},"class_list":["post-509","page","type-page","status-publish","hentry"],"_links":{"self":[{"href":"https:\/\/www.foerderverein-emg.de\/index.php?rest_route=\/wp\/v2\/pages\/509","targetHints":{"allow":["GET"]}}],"collection":[{"href":"https:\/\/www.foerderverein-emg.de\/index.php?rest_route=\/wp\/v2\/pages"}],"about":[{"href":"https:\/\/www.foerderverein-emg.de\/index.php?rest_route=\/wp\/v2\/types\/page"}],"author":[{"embeddable":true,"href":"https:\/\/www.foerderverein-emg.de\/index.php?rest_route=\/wp\/v2\/users\/1"}],"replies":[{"embeddable":true,"href":"https:\/\/www.foerderverein-emg.de\/index.php?rest_route=%2Fwp%2Fv2%2Fcomments&post=509"}],"version-history":[{"count":12,"href":"https:\/\/www.foerderverein-emg.de\/index.php?rest_route=\/wp\/v2\/pages\/509\/revisions"}],"predecessor-version":[{"id":751,"href":"https:\/\/www.foerderverein-emg.de\/index.php?rest_route=\/wp\/v2\/pages\/509\/revisions\/751"}],"up":[{"embeddable":true,"href":"https:\/\/www.foerderverein-emg.de\/index.php?rest_route=\/wp\/v2\/pages\/296"}],"wp:attachment":[{"href":"https:\/\/www.foerderverein-emg.de\/index.php?rest_route=%2Fwp%2Fv2%2Fmedia&parent=509"}],"curies":[{"name":"wp","href":"https:\/\/api.w.org\/{rel}","templated":true}]}}