{"id":923,"date":"2022-03-09T18:24:31","date_gmt":"2022-03-09T17:24:31","guid":{"rendered":"https:\/\/www.foerderverein-emg.de\/?page_id=923"},"modified":"2023-05-06T19:04:04","modified_gmt":"2023-05-06T17:04:04","slug":"verwendung-der-gelder-und-spenden-2022","status":"publish","type":"page","link":"https:\/\/www.foerderverein-emg.de\/?page_id=923","title":{"rendered":"Verwendung der Gelder und Spenden 2022"},"content":{"rendered":"\n<figure class=\"wp-block-table\"><table><tbody><tr><td class=\"has-text-align-center\" data-align=\"center\"><strong>Nr.<\/strong><\/td><td><strong>Titel<\/strong><\/td><td><strong>Fachschaft<\/strong><\/td><\/tr><tr><td class=\"has-text-align-center\" data-align=\"center\">45<\/td><td>Poster f\u00fcr Ganztag, MIAU-Tag, Grundrisse<\/td><td>alle<\/td><\/tr><tr><td class=\"has-text-align-center\" data-align=\"center\">44<\/td><td>Reparatur Calumet Camera<\/td><td>Technik<\/td><\/tr><tr><td class=\"has-text-align-center\" data-align=\"center\">43<\/td><td>Preise f\u00fcr Nikolausfussballturnier<\/td><td>alle<\/td><\/tr><tr><td class=\"has-text-align-center\" data-align=\"center\">42<\/td><td>Jamf-Lizenzen f\u00fcr die iPAD-Klassen<\/td><td>LuL<\/td><\/tr><tr><td class=\"has-text-align-center\" data-align=\"center\">41<\/td><td>Zuschuss Fr\u00fchst\u00fcck im Advent<\/td><td>alle<\/td><\/tr><tr><td class=\"has-text-align-center\" data-align=\"center\">40<\/td><td>Kugelschreiber mit Schullogo<\/td><td>alle<\/td><\/tr><tr><td class=\"has-text-align-center\" data-align=\"center\">39<\/td><td>Tischpulte f\u00fcr das C-Geb\u00e4ude<\/td><td>alle<\/td><\/tr><tr><td class=\"has-text-align-center\" data-align=\"center\">38<\/td><td>Faltpavillons als Sonnenschutz f\u00fcr das Sportfest<\/td><td>Sport<\/td><\/tr><tr><td class=\"has-text-align-center\" data-align=\"center\">37<\/td><td>Sitzgarnituren f\u00fcr das Sportfest<\/td><td>Sport<\/td><\/tr><tr><td class=\"has-text-align-center\" data-align=\"center\">36<\/td><td>Basketballkorb Ganztag<\/td><td>Mittelstufe<\/td><\/tr><tr><td class=\"has-text-align-center\" data-align=\"center\">35<\/td><td>Zuschuss Tag der offenen T\u00fcr: Probeessen<\/td><td>alle<\/td><\/tr><tr><td class=\"has-text-align-center\" data-align=\"center\">34<\/td><td>Zuschuss Tag der offenen T\u00fcr: Kaffeebuden, Schokotafeln<\/td><td>alle<\/td><\/tr><tr><td class=\"has-text-align-center\" data-align=\"center\">33<\/td><td>Nachbestellung <strong>Projekt Schulkleidung<\/strong><\/td><td>alle<\/td><\/tr><tr><td class=\"has-text-align-center\" data-align=\"center\">32<\/td><td>Glaswechselrahmen f\u00fcr C-Geb\u00e4ude<\/td><td>Klasse 5-9<\/td><\/tr><tr><td class=\"has-text-align-center\" data-align=\"center\">31<\/td><td>Funkger\u00e4te f\u00fcr Schulsanit\u00e4ter<\/td><td>Sanit\u00e4tsdienst<\/td><\/tr><tr><td class=\"has-text-align-center\" data-align=\"center\">30<\/td><td>Technik f\u00fcr EMG Sommerfest<\/td><td>Technik-AG<\/td><\/tr><tr><td class=\"has-text-align-center\" data-align=\"center\">29<\/td><td>Dekoration f\u00fcr Einschulungsfeier<\/td><td>neue 5-er<\/td><\/tr><tr><td class=\"has-text-align-center\" data-align=\"center\">28<\/td><td>Dekoration f\u00fcr EMG Sommerfest<\/td><td>alle<\/td><\/tr><tr><td class=\"has-text-align-center\" data-align=\"center\">27<\/td><td>Gefrierschrank f\u00fcr Coolpads<\/td><td>Sport<\/td><\/tr><tr><td class=\"has-text-align-center\" data-align=\"center\">26<\/td><td>Stehpult im Klassenraum<\/td><td>Klasse 5<\/td><\/tr><tr><td class=\"has-text-align-center\" data-align=\"center\">25<\/td><td>Willkommensgeschenk neuer 5-er<\/td><td>neue 5-er<\/td><\/tr><tr><td class=\"has-text-align-center\" data-align=\"center\">24<\/td><td>Zuschuss Learnie<\/td><td>Klasse 5-9<\/td><\/tr><tr><td class=\"has-text-align-center\" data-align=\"center\">23<\/td><td>Catering Kennenlernnachmittag<\/td><td>neue 5-er<\/td><\/tr><tr><td class=\"has-text-align-center\" data-align=\"center\">22<\/td><td>Multimediawagen<\/td><td>Musik<\/td><\/tr><tr><td class=\"has-text-align-center\" data-align=\"center\">21<\/td><td>Bilderleisten f\u00fcr die Klassenr\u00e4ume C-Geb\u00e4ude<\/td><td>Klasse 5-6<\/td><\/tr><tr><td class=\"has-text-align-center\" data-align=\"center\">20<\/td><td>\u00dcberbr\u00fcckung Reisekosten Eifelfahrt<\/td><td>Stufe 9<\/td><\/tr><tr><td class=\"has-text-align-center\" data-align=\"center\">19<\/td><td>Kollektion 2 <strong>Projekt Schulkleidung<\/strong><\/td><td>alle<\/td><\/tr><tr><td class=\"has-text-align-center\" data-align=\"center\">18<\/td><td>Mensaverein Wassereis<\/td><td>alle<\/td><\/tr><tr><td class=\"has-text-align-center\" data-align=\"center\">17<\/td><td>Poster f\u00fcr Sommerfest<\/td><td>alle<\/td><\/tr><tr><td class=\"has-text-align-center\" data-align=\"center\">16<\/td><td>Startgeld Europa Minik\u00f6che<\/td><td>Klasse 9<\/td><\/tr><tr><td class=\"has-text-align-center\" data-align=\"center\">15<\/td><td>Preisgelder f\u00fcr Mitgliederwettbewerb<\/td><td>Klasse 5-6<\/td><\/tr><tr><td class=\"has-text-align-center\" data-align=\"center\">14<\/td><td>Lounge M\u00f6bel f\u00fcr das <strong>Projekt Social Room<\/strong> E003<\/td><td>Ganztag<\/td><\/tr><tr><td class=\"has-text-align-center\" data-align=\"center\">13<\/td><td>Billardtisch f\u00fcr das<strong> Projekt Social Room<\/strong> E003<\/td><td>Ganztag<\/td><\/tr><tr><td class=\"has-text-align-center\" data-align=\"center\">12<\/td><td>Andenken f\u00fcr bilingualen Abschluss<\/td><td>Q2<\/td><\/tr><tr><td class=\"has-text-align-center\" data-align=\"center\">11<\/td><td>Wartung des Tablets aus dem <strong>Projekt IPADs<\/strong><\/td><td>alle<\/td><\/tr><tr><td class=\"has-text-align-center\" data-align=\"center\">10<\/td><td>Vorfinanzierung Ausflug in die Eifel<\/td><td>Klasse 9<\/td><\/tr><tr><td class=\"has-text-align-center\" data-align=\"center\">9<\/td><td>Puzzeltische f\u00fcr das<strong> Projekt Social Room<\/strong> E003<\/td><td>Ganztag<\/td><\/tr><tr><td class=\"has-text-align-center\" data-align=\"center\">8<\/td><td>Weihnachtsdekoration<\/td><td>Aula<\/td><\/tr><tr><td class=\"has-text-align-center\" data-align=\"center\">7<\/td><td>Auslagen Tag der offenen T\u00fcr<\/td><td>Chemie<\/td><\/tr><tr><td class=\"has-text-align-center\" data-align=\"center\">6<\/td><td>Reparatur IPAD &#8211; Ladebuchse<\/td><td>Mittelstufe<\/td><\/tr><tr><td class=\"has-text-align-center\" data-align=\"center\">5<\/td><td>Abibackbuch<\/td><td>Q2<\/td><\/tr><tr><td class=\"has-text-align-center\" data-align=\"center\">4<\/td><td>Abschluss <strong>Projekt Video-Matrix-Switch<\/strong><\/td><td>Aula<\/td><\/tr><tr><td class=\"has-text-align-center\" data-align=\"center\">3<\/td><td>Verkaufsspende Mensaverein<\/td><td>alle<\/td><\/tr><tr><td class=\"has-text-align-center\" data-align=\"center\">2<\/td><td>Nachbestellung <strong>Projekt Schulkleidung<\/strong><\/td><td>alle<\/td><\/tr><tr><td class=\"has-text-align-center\" data-align=\"center\">1<\/td><td>LSF &#8211; Beitrag<\/td><td>alle<\/td><\/tr><\/tbody><\/table><\/figure>\n","protected":false},"excerpt":{"rendered":"<p>Nr. Titel Fachschaft 45 Poster f\u00fcr Ganztag, MIAU-Tag, Grundrisse alle 44 Reparatur Calumet Camera Technik 43 Preise f\u00fcr Nikolausfussballturnier alle 42 Jamf-Lizenzen f\u00fcr die iPAD-Klassen LuL 41 Zuschuss Fr\u00fchst\u00fcck im Advent alle 40 Kugelschreiber mit Schullogo alle 39 Tischpulte f\u00fcr das C-Geb\u00e4ude alle 38 Faltpavillons als Sonnenschutz f\u00fcr das Sportfest Sport 37 Sitzgarnituren f\u00fcr das &hellip; <\/p>\n<p class=\"link-more\"><a href=\"https:\/\/www.foerderverein-emg.de\/?page_id=923\" class=\"more-link\"><span class=\"screen-reader-text\">\u201eVerwendung der Gelder und Spenden 2022\u201c <\/span>weiterlesen<\/a><\/p>\n","protected":false},"author":1,"featured_media":0,"parent":296,"menu_order":0,"comment_status":"closed","ping_status":"closed","template":"","meta":{"footnotes":""},"class_list":["post-923","page","type-page","status-publish","hentry"],"_links":{"self":[{"href":"https:\/\/www.foerderverein-emg.de\/index.php?rest_route=\/wp\/v2\/pages\/923","targetHints":{"allow":["GET"]}}],"collection":[{"href":"https:\/\/www.foerderverein-emg.de\/index.php?rest_route=\/wp\/v2\/pages"}],"about":[{"href":"https:\/\/www.foerderverein-emg.de\/index.php?rest_route=\/wp\/v2\/types\/page"}],"author":[{"embeddable":true,"href":"https:\/\/www.foerderverein-emg.de\/index.php?rest_route=\/wp\/v2\/users\/1"}],"replies":[{"embeddable":true,"href":"https:\/\/www.foerderverein-emg.de\/index.php?rest_route=%2Fwp%2Fv2%2Fcomments&post=923"}],"version-history":[{"count":14,"href":"https:\/\/www.foerderverein-emg.de\/index.php?rest_route=\/wp\/v2\/pages\/923\/revisions"}],"predecessor-version":[{"id":1545,"href":"https:\/\/www.foerderverein-emg.de\/index.php?rest_route=\/wp\/v2\/pages\/923\/revisions\/1545"}],"up":[{"embeddable":true,"href":"https:\/\/www.foerderverein-emg.de\/index.php?rest_route=\/wp\/v2\/pages\/296"}],"wp:attachment":[{"href":"https:\/\/www.foerderverein-emg.de\/index.php?rest_route=%2Fwp%2Fv2%2Fmedia&parent=923"}],"curies":[{"name":"wp","href":"https:\/\/api.w.org\/{rel}","templated":true}]}}