{"id":925,"date":"2022-03-09T18:26:14","date_gmt":"2022-03-09T17:26:14","guid":{"rendered":"https:\/\/www.foerderverein-emg.de\/?page_id=925"},"modified":"2023-05-12T19:05:07","modified_gmt":"2023-05-12T17:05:07","slug":"projekte-2022","status":"publish","type":"page","link":"https:\/\/www.foerderverein-emg.de\/?page_id=925","title":{"rendered":"Projekte 2022"},"content":{"rendered":"\n<p>Unter den Projekten sind gr\u00f6\u00dfere Anschaffungen ( &gt; 2.000 \u20ac ) gelistet, die eine l\u00e4ngere Planung ben\u00f6tigen und oft \u00fcber zweckgebunde Spenden finanziert werden.<\/p>\n\n\n\n<div class=\"wp-block-media-text alignwide is-stacked-on-mobile\" style=\"grid-template-columns:34% auto\"><figure class=\"wp-block-media-text__media\"><img loading=\"lazy\" decoding=\"async\" width=\"968\" height=\"496\" src=\"https:\/\/www.foerderverein-emg.de\/wp-content\/uploads\/2022\/03\/9970AA72-ADE0-4EA3-9184-9CDD3ABB81EF.jpeg\" alt=\"\" class=\"wp-image-936 size-full\" srcset=\"https:\/\/www.foerderverein-emg.de\/wp-content\/uploads\/2022\/03\/9970AA72-ADE0-4EA3-9184-9CDD3ABB81EF.jpeg 968w, https:\/\/www.foerderverein-emg.de\/wp-content\/uploads\/2022\/03\/9970AA72-ADE0-4EA3-9184-9CDD3ABB81EF-350x179.jpeg 350w, https:\/\/www.foerderverein-emg.de\/wp-content\/uploads\/2022\/03\/9970AA72-ADE0-4EA3-9184-9CDD3ABB81EF-300x154.jpeg 300w, https:\/\/www.foerderverein-emg.de\/wp-content\/uploads\/2022\/03\/9970AA72-ADE0-4EA3-9184-9CDD3ABB81EF-768x394.jpeg 768w\" sizes=\"auto, (max-width: 767px) 89vw, (max-width: 1000px) 54vw, (max-width: 1071px) 543px, 580px\" \/><\/figure><div class=\"wp-block-media-text__content\">\n<p style=\"font-size:14px\"><strong>Billardtisch<\/strong><br>In den neuen Social Rooms wird ein Billardtisch aufgebaut, der zum gr\u00f6\u00dften Teil aus Spenden finanziert wird.<br>Nach Ablegen eines &#8222;F\u00fchrerscheines&#8220; k\u00f6nnen die SuS in den Pausen das notwendige Zubeh\u00f6r ausleihen.<\/p>\n<\/div><\/div>\n\n\n\n<div style=\"height:40px\" aria-hidden=\"true\" class=\"wp-block-spacer\"><\/div>\n\n\n\n<div class=\"wp-block-media-text alignwide is-stacked-on-mobile\" style=\"grid-template-columns:34% auto\"><figure class=\"wp-block-media-text__media\"><img loading=\"lazy\" decoding=\"async\" width=\"1024\" height=\"389\" src=\"https:\/\/www.foerderverein-emg.de\/wp-content\/uploads\/2022\/03\/Loungemoebel-1024x389.jpg\" alt=\"\" class=\"wp-image-943 size-full\" srcset=\"https:\/\/www.foerderverein-emg.de\/wp-content\/uploads\/2022\/03\/Loungemoebel-1024x389.jpg 1024w, https:\/\/www.foerderverein-emg.de\/wp-content\/uploads\/2022\/03\/Loungemoebel-350x133.jpg 350w, https:\/\/www.foerderverein-emg.de\/wp-content\/uploads\/2022\/03\/Loungemoebel-300x114.jpg 300w, https:\/\/www.foerderverein-emg.de\/wp-content\/uploads\/2022\/03\/Loungemoebel-768x292.jpg 768w, https:\/\/www.foerderverein-emg.de\/wp-content\/uploads\/2022\/03\/Loungemoebel.jpg 1196w\" sizes=\"auto, (max-width: 767px) 89vw, (max-width: 1000px) 54vw, (max-width: 1071px) 543px, 580px\" \/><\/figure><div class=\"wp-block-media-text__content\">\n<p style=\"font-size:14px\"><strong>Loungem\u00f6bel<\/strong><br>Der F\u00f6rderverein finanziert In den neuen Social Rooms ebenfalls die Sitzgelegenheiten f\u00fcr die SuS. <br>Die hochwertigen Loungem\u00f6bel werden als &#8222;L&#8220; um den Billardtisch positioniert.<\/p>\n<\/div><\/div>\n\n\n\n<div style=\"height:40px\" aria-hidden=\"true\" class=\"wp-block-spacer\"><\/div>\n\n\n\n<div class=\"wp-block-media-text alignwide is-stacked-on-mobile\" style=\"grid-template-columns:34% auto\"><figure class=\"wp-block-media-text__media\"><img loading=\"lazy\" decoding=\"async\" width=\"640\" height=\"480\" src=\"https:\/\/www.foerderverein-emg.de\/wp-content\/uploads\/2023\/05\/IMG_3198-1.jpeg\" alt=\"\" class=\"wp-image-1565 size-full\" srcset=\"https:\/\/www.foerderverein-emg.de\/wp-content\/uploads\/2023\/05\/IMG_3198-1.jpeg 640w, https:\/\/www.foerderverein-emg.de\/wp-content\/uploads\/2023\/05\/IMG_3198-1-300x225.jpeg 300w, https:\/\/www.foerderverein-emg.de\/wp-content\/uploads\/2023\/05\/IMG_3198-1-350x263.jpeg 350w\" sizes=\"auto, (max-width: 640px) 100vw, 640px\" \/><\/figure><div class=\"wp-block-media-text__content\">\n<p style=\"font-size:14px\"><strong>Schulkleidung<\/strong><br>Die Hoodies und T-Shirts der Kollektionen 1, 2 und 3 wurden in einer hohen Auflage nachbestellt, damit alle Gr\u00f6\u00dfen und Farben der Kleidung f\u00fcr den Onlineshop vorr\u00e4tig sind.<\/p>\n<\/div><\/div>\n","protected":false},"excerpt":{"rendered":"<p>Unter den Projekten sind gr\u00f6\u00dfere Anschaffungen ( &gt; 2.000 \u20ac ) gelistet, die eine l\u00e4ngere Planung ben\u00f6tigen und oft \u00fcber zweckgebunde Spenden finanziert werden. BillardtischIn den neuen Social Rooms wird ein Billardtisch aufgebaut, der zum gr\u00f6\u00dften Teil aus Spenden finanziert wird.Nach Ablegen eines &#8222;F\u00fchrerscheines&#8220; k\u00f6nnen die SuS in den Pausen das notwendige Zubeh\u00f6r ausleihen. Loungem\u00f6belDer &hellip; <\/p>\n<p class=\"link-more\"><a href=\"https:\/\/www.foerderverein-emg.de\/?page_id=925\" class=\"more-link\"><span class=\"screen-reader-text\">\u201eProjekte 2022\u201c <\/span>weiterlesen<\/a><\/p>\n","protected":false},"author":1,"featured_media":0,"parent":17,"menu_order":0,"comment_status":"closed","ping_status":"closed","template":"","meta":{"footnotes":""},"class_list":["post-925","page","type-page","status-publish","hentry"],"_links":{"self":[{"href":"https:\/\/www.foerderverein-emg.de\/index.php?rest_route=\/wp\/v2\/pages\/925","targetHints":{"allow":["GET"]}}],"collection":[{"href":"https:\/\/www.foerderverein-emg.de\/index.php?rest_route=\/wp\/v2\/pages"}],"about":[{"href":"https:\/\/www.foerderverein-emg.de\/index.php?rest_route=\/wp\/v2\/types\/page"}],"author":[{"embeddable":true,"href":"https:\/\/www.foerderverein-emg.de\/index.php?rest_route=\/wp\/v2\/users\/1"}],"replies":[{"embeddable":true,"href":"https:\/\/www.foerderverein-emg.de\/index.php?rest_route=%2Fwp%2Fv2%2Fcomments&post=925"}],"version-history":[{"count":7,"href":"https:\/\/www.foerderverein-emg.de\/index.php?rest_route=\/wp\/v2\/pages\/925\/revisions"}],"predecessor-version":[{"id":1567,"href":"https:\/\/www.foerderverein-emg.de\/index.php?rest_route=\/wp\/v2\/pages\/925\/revisions\/1567"}],"up":[{"embeddable":true,"href":"https:\/\/www.foerderverein-emg.de\/index.php?rest_route=\/wp\/v2\/pages\/17"}],"wp:attachment":[{"href":"https:\/\/www.foerderverein-emg.de\/index.php?rest_route=%2Fwp%2Fv2%2Fmedia&parent=925"}],"curies":[{"name":"wp","href":"https:\/\/api.w.org\/{rel}","templated":true}]}}