{"id":2134,"date":"2024-11-19T15:10:23","date_gmt":"2024-11-19T14:10:23","guid":{"rendered":"https:\/\/www.foerderverein-emg.de\/?post_type=product&#038;p=2134"},"modified":"2024-12-06T15:57:11","modified_gmt":"2024-12-06T14:57:11","slug":"hoodie-sonderdruck-weihnachtsmotiv-groesse-l-bis-xxl","status":"publish","type":"product","link":"https:\/\/www.foerderverein-emg.de\/?product=hoodie-sonderdruck-weihnachtsmotiv-groesse-l-bis-xxl","title":{"rendered":"Hoodie Sonderdruck <br> Weihnachtsmotiv <br> Gr\u00f6\u00dfe L bis XXL"},"content":{"rendered":"<p>Der Textilhersteller STANLEY\/STELLA legt gro\u00dfen Wert auf eine verantwortungsvolle Produktion. Alle Kleidungsst\u00fccke sind &#8222;Fairtrade&#8220; und aus 100%iger &#8222;Biobaumwolle&#8220;, die wenig Wasser verbraucht sowie frei von Gentechnik und Chemikalien ist.<\/p>\n<p>Entlang der gesamten Produktionskette ist der Zulieferer mit den strengsten \u00d6kozertifikaten und -siegeln ausgestattet.<\/p>\n<p>Der Hoodie mit dem Motiv &#8222;Spirale&#8220; f\u00e4llt normal aus, der Hoodie mit dem Motiv &#8222;Ernst Mach&#8220; ist in oversize. Die Abma\u00dfe des normal ausfallenden Hoodies k\u00f6nnen der Tabelle, die als Bild hinterlegt ist, entnommen werden.<\/p>\n","protected":false},"excerpt":{"rendered":"<p>Hoodie mit EMG-Logo\/Schriftzug (Vorderseite) und EMG-Design (R\u00fcckseite) als Weihnachtsedition.<\/p>\n","protected":false},"featured_media":2137,"template":"","meta":[],"product_brand":[],"product_cat":[20],"product_tag":[],"class_list":{"0":"post-2134","1":"product","2":"type-product","3":"status-publish","4":"has-post-thumbnail","6":"product_cat-hoodies","8":"first","9":"instock","10":"shipping-taxable","11":"purchasable","12":"product-type-variable"},"_links":{"self":[{"href":"https:\/\/www.foerderverein-emg.de\/index.php?rest_route=\/wp\/v2\/product\/2134","targetHints":{"allow":["GET"]}}],"collection":[{"href":"https:\/\/www.foerderverein-emg.de\/index.php?rest_route=\/wp\/v2\/product"}],"about":[{"href":"https:\/\/www.foerderverein-emg.de\/index.php?rest_route=\/wp\/v2\/types\/product"}],"wp:featuredmedia":[{"embeddable":true,"href":"https:\/\/www.foerderverein-emg.de\/index.php?rest_route=\/wp\/v2\/media\/2137"}],"wp:attachment":[{"href":"https:\/\/www.foerderverein-emg.de\/index.php?rest_route=%2Fwp%2Fv2%2Fmedia&parent=2134"}],"wp:term":[{"taxonomy":"product_brand","embeddable":true,"href":"https:\/\/www.foerderverein-emg.de\/index.php?rest_route=%2Fwp%2Fv2%2Fproduct_brand&post=2134"},{"taxonomy":"product_cat","embeddable":true,"href":"https:\/\/www.foerderverein-emg.de\/index.php?rest_route=%2Fwp%2Fv2%2Fproduct_cat&post=2134"},{"taxonomy":"product_tag","embeddable":true,"href":"https:\/\/www.foerderverein-emg.de\/index.php?rest_route=%2Fwp%2Fv2%2Fproduct_tag&post=2134"}],"curies":[{"name":"wp","href":"https:\/\/api.w.org\/{rel}","templated":true}]}}